{"id":14,"date":"2016-01-22T13:32:57","date_gmt":"2016-01-22T12:32:57","guid":{"rendered":"http:\/\/kolegium.pametnaroda.cz\/?page_id=14"},"modified":"2026-01-15T10:13:44","modified_gmt":"2026-01-15T09:13:44","slug":"rekli-o-nas","status":"publish","type":"page","link":"https:\/\/kolegium.pametnaroda.cz\/?page_id=14","title":{"rendered":"\u0158ekli o n\u00e1s"},"content":{"rendered":"<blockquote><p>\u201eNen\u00ed identity bez kontinuity. Chceme-li v\u011bd\u011bt, k\u00fdm jsme, mus\u00edme zn\u00e1t svou minulost, mus\u00edme zn\u00e1t kontexty doby, v n\u00ed\u017e \u017eili na\u0161i p\u0159edkov\u00e9, a sna\u017eit se pochopit, jak\u00fdm v\u00fdzv\u00e1m, \u00fatlak\u016fm i poku\u0161en\u00ed byli vystaveni. Oce\u0148uji, \u017ee do mozaiky na\u0161\u00ed spole\u010densk\u00e9 pam\u011bti p\u0159isp\u00edv\u00e1 i pr\u00e1ce sdru\u017een\u00ed Post Bellum.\u201c<\/p><\/blockquote>\n<p>V\u00e1clav Havel<\/p>\n<blockquote><p>\u201ePam\u011b\u0165 n\u00e1roda je d\u00edlo vypr\u00e1v\u011bj\u00edc\u00ed p\u0159\u00edb\u011bh demokracie a v\u011b\u010dn\u00e9ho boje za svobodu. Hlasy konkr\u00e9tn\u00edch lid\u00ed k n\u00e1m promlouvaj\u00ed a hovo\u0159\u00ed o sv\u00e9 zku\u0161enosti p\u016fsobiv\u011bji ne\u017e mrtv\u00e9 expon\u00e1ty ulo\u017een\u00e9 v&nbsp;muze\u00edch.\u201c<\/p><\/blockquote>\n<p>Tom\u00e1\u0161 Hal\u00edk,<br \/>\nduchovn\u00ed<\/p>\n<blockquote><p>\u201eVelmi si v\u00e1\u017e\u00edm, s jakou d\u016fslednost\u00ed a hlubok\u00fdm smyslem pro pravdu odhalujete p\u0159\u00edb\u011bhy nezn\u00e1m\u00fdch hrdin\u016f z dob totality. Za toto roz\u0161i\u0159ov\u00e1n\u00ed pam\u011bti n\u00e1roda V\u00e1m pat\u0159\u00ed d\u00edk a pocta na\u0161\u00ed a budouc\u00edch generac\u00ed. Bylo pro mne velkou ct\u00ed mali\u010dko pomoci Post Bellum v jeho za\u010d\u00e1tc\u00edch.\u201c<\/p><\/blockquote>\n<p>Zuzana Roithov\u00e1,<br \/>\nb\u00fdval\u00e1 poslankyn\u011b Evropsk\u00e9ho parlamentu<\/p>\n<blockquote><p>\u201ePodpo\u0159it Post Bellum mi p\u0159ipad\u00e1 skoro samoz\u0159ejm\u00e9, proto\u017ee to, co d\u011blaj\u00ed, je nesm\u00edrn\u011b pot\u0159ebn\u00e1 v\u011bc. Pam\u011b\u0165 n\u00e1roda je toti\u017e kr\u00e1tk\u00e1 a zpupnost t\u011bch, kte\u0159\u00ed na to spol\u00e9haj\u00ed, velik\u00e1.\u201c<\/p><\/blockquote>\n<p>Marek Eben,<br \/>\nmoder\u00e1tor<\/p>\n<blockquote><p>\u201eMy jsme to nevzdali je projekt, kter\u00fd m\u00e1 opravdu smysl a hlavn\u011b naprosto nezpochybnitelnou hodnotu. Takov\u00fdch je dnes jak \u0161afr\u00e1nu.\u201c<\/p><\/blockquote>\n<p>V\u00e1clav Marhoul,<br \/>\nre\u017eis\u00e9r<\/p>\n<blockquote><p>\u201ePam\u011b\u0165 n\u00e1roda je projekt, kter\u00fd si pam\u011btn\u00edci u\u017e d\u00e1vno zaslou\u017eili a kter\u00fd my, sou\u010dasn\u00edci, nutn\u011b pot\u0159ebujeme.\u201c<\/p><\/blockquote>\n<p>Tom\u00e1\u0161 Rutrle,<br \/>\njednatel Flyboy<\/p>\n<blockquote><p>\u201eP\u0159ipravenost hrdin\u016f z&nbsp;P\u0159\u00edb\u011bh\u016f 20.&nbsp;stolet\u00ed a Pam\u011bti n\u00e1roda vzd\u00e1t se v\u0161eho, co cel\u00fd \u017eivot budovali, v&nbsp;jednom jedin\u00e9m momentu, ani\u017e by t\u00edm mohli pro sebe n\u011bco z\u00edskat, pro mne p\u0159edstavuje t\u011b\u017eko popsatelnou v\u00fdzvu.\u201c<\/p><\/blockquote>\n<p>Petr Cicho\u0148,<br \/>\njednatel Crocodille \u010cR<\/p>\n","protected":false},"excerpt":{"rendered":"<p>\u201eNen\u00ed identity bez kontinuity. Chceme-li v\u011bd\u011bt, k\u00fdm jsme, mus\u00edme zn\u00e1t svou minulost, mus\u00edme zn\u00e1t kontexty doby, v n\u00ed\u017e \u017eili na\u0161i p\u0159edkov\u00e9, a sna\u017eit se pochopit, jak\u00fdm v\u00fdzv\u00e1m, \u00fatlak\u016fm i poku\u0161en\u00ed\u2026<\/p>\n","protected":false},"author":1,"featured_media":528,"parent":0,"menu_order":0,"comment_status":"closed","ping_status":"closed","template":"","meta":{"footnotes":""},"_links":{"self":[{"href":"https:\/\/kolegium.pametnaroda.cz\/index.php?rest_route=\/wp\/v2\/pages\/14"}],"collection":[{"href":"https:\/\/kolegium.pametnaroda.cz\/index.php?rest_route=\/wp\/v2\/pages"}],"about":[{"href":"https:\/\/kolegium.pametnaroda.cz\/index.php?rest_route=\/wp\/v2\/types\/page"}],"author":[{"embeddable":true,"href":"https:\/\/kolegium.pametnaroda.cz\/index.php?rest_route=\/wp\/v2\/users\/1"}],"replies":[{"embeddable":true,"href":"https:\/\/kolegium.pametnaroda.cz\/index.php?rest_route=%2Fwp%2Fv2%2Fcomments&post=14"}],"version-history":[{"count":2,"href":"https:\/\/kolegium.pametnaroda.cz\/index.php?rest_route=\/wp\/v2\/pages\/14\/revisions"}],"predecessor-version":[{"id":478,"href":"https:\/\/kolegium.pametnaroda.cz\/index.php?rest_route=\/wp\/v2\/pages\/14\/revisions\/478"}],"wp:featuredmedia":[{"embeddable":true,"href":"https:\/\/kolegium.pametnaroda.cz\/index.php?rest_route=\/wp\/v2\/media\/528"}],"wp:attachment":[{"href":"https:\/\/kolegium.pametnaroda.cz\/index.php?rest_route=%2Fwp%2Fv2%2Fmedia&parent=14"}],"curies":[{"name":"wp","href":"https:\/\/api.w.org\/{rel}","templated":true}]}}