{"id":57,"date":"2017-04-24T13:55:02","date_gmt":"2017-04-24T12:55:02","guid":{"rendered":"http:\/\/kolegium.pametnaroda.cz\/?page_id=57"},"modified":"2026-01-15T10:13:24","modified_gmt":"2026-01-15T09:13:24","slug":"kdo-jsme","status":"publish","type":"page","link":"https:\/\/kolegium.pametnaroda.cz\/?page_id=57","title":{"rendered":"Kdo jsme"},"content":{"rendered":"<p>Kolegium Pam\u011bti n\u00e1roda je voln\u00e9 sdru\u017een\u00ed p\u0159\u00e1tel a partner\u016f Post Bellum. Vzniklo, aby propojilo osobnosti \u010desk\u00e9ho ve\u0159ejn\u00e9ho, spole\u010densk\u00e9ho a podnikatelsk\u00e9ho \u017eivota, kter\u00fdm nen\u00ed lhostejn\u00fd odkaz star\u0161\u00edch generac\u00ed. \u010cleny Kolegia Pam\u011bti n\u00e1roda spojuje \u00facta a respekt v\u016f\u010di t\u011bm, kdo se postavili totalitn\u00edm re\u017eim\u016fm 20. stolet\u00ed.<\/p>\n<h3>C\u00edle Kolegia Pam\u011bti n\u00e1roda<\/h3>\n<ul>\n<li>Povzbuzovat ve\u0159ejnou diskusi o hodnot\u00e1ch svobody, demokracie a lidsk\u00fdch pr\u00e1v, pro kter\u00e9 p\u0159ede\u0161l\u00e9 generace bojovaly a um\u00edraly.<\/li>\n<li>Zprost\u0159edkov\u00e1vat prost\u0159ednictv\u00edm vzpom\u00ednek p\u0159\u00edm\u00fdch pam\u011btn\u00edk\u016f zku\u0161enost s totalitn\u00ed minulost\u00ed mlad\u00e9 generaci.<\/li>\n<li>Dlouhodob\u011b podporovat zachycov\u00e1n\u00ed vzpom\u00ednek p\u0159ede\u0161l\u00fdch generac\u00ed.<\/li>\n<\/ul>\n<h3>Ve\u0159ejn\u00e1 debata o hodnot\u00e1ch svobody a demokracie<\/h3>\n<p>Kolegium Pam\u011bti n\u00e1roda si je v\u011bdom\u00e9, \u017ee spolu s celou spole\u010dnost\u00ed neseme odpov\u011bdnost za odkaz p\u0159ede\u0161l\u00fdch generac\u00ed. V\u011b\u0159\u00edme, \u017ee ve\u0159ejn\u00e1 debata o hodnot\u00e1ch demokracie a lidsk\u00fdch pr\u00e1v pat\u0159\u00ed mezi z\u00e1kladn\u00ed n\u00e1stroje udr\u017een\u00ed svobodn\u00e9 spole\u010dnosti. Kolegium proto po\u0159\u00e1d\u00e1 diskusn\u00ed cykly a semin\u00e1\u0159e s politiky, ve\u0159ejn\u011b \u010dinn\u00fdmi osobami \u010di v\u00fdznamn\u00fdmi osobnosti spole\u010densk\u00e9ho \u017eivota, na kter\u00fdch p\u0159ipom\u00edn\u00e1me na\u0161i spole\u010dnou odpov\u011bdnost v\u016f\u010di dlouhodob\u00e9mu sm\u011b\u0159ov\u00e1n\u00ed na\u0161\u00ed spole\u010dnosti.<\/p>\n<h3>Odkaz vzpom\u00ednek star\u0161\u00edch generac\u00ed<\/h3>\n<p>Kolegium Pam\u011bti n\u00e1roda dlouhodobob\u011b podporuje z\u00e1jem ve\u0159ejnosti o osudy a zku\u0161enosti generac\u00ed, kter\u00e9 pro\u017eily \u010d\u00e1st sv\u00e9ho \u017eivota v dob\u00e1ch nesvobody. Chce usilovat o zm\u011bnu ve v\u00fduce d\u011bjepisu a spole\u010densk\u00fdch v\u011bd na \u0161kol\u00e1ch. Vypr\u00e1v\u011bn\u00e9 p\u0159\u00edb\u011bhy mohou \u017e\u00e1k\u016fm a student\u016fm poutavou&nbsp;formou nejen zprost\u0159edkovat faktografick\u00e9 v\u011bd\u011bn\u00ed, ale i nab\u00eddnout orienta\u010dn\u00ed a hodnotov\u00e9 r\u00e1mce pro jejich dal\u0161\u00ed \u017eivot. Mohou p\u0159isp\u011bt ke genera\u010dn\u00edmu porozum\u011bn\u00ed.<\/p>\n<h3>Investice do rozvoje ob\u010dansk\u00e9 spole\u010dnosti se vyplat\u00ed<\/h3>\n<p>Kolegium je spole\u010denstv\u00ed lid\u00ed, kte\u0159\u00ed um\u011bj\u00ed ve svobodn\u00e9 zemi pen\u00edze vyd\u011blat a kte\u0159\u00ed v\u011bd\u00ed, \u017ee investovat do rozvoje ob\u010dansk\u00e9 spole\u010dnosti se v dlouhodob\u00e9m horizontu vypl\u00e1c\u00ed. V\u017edy\u0165 bez hodnot svobody a demokracie nen\u00ed mo\u017en\u00e9 svobodn\u00e9 podnik\u00e1n\u00ed rozv\u00edjet.<\/p>\n<p>&nbsp;<\/p>\n","protected":false},"excerpt":{"rendered":"<p>Kolegium Pam\u011bti n\u00e1roda je voln\u00e9 sdru\u017een\u00ed p\u0159\u00e1tel a partner\u016f Post Bellum. Vzniklo, aby propojilo osobnosti \u010desk\u00e9ho ve\u0159ejn\u00e9ho, spole\u010densk\u00e9ho a podnikatelsk\u00e9ho \u017eivota, kter\u00fdm nen\u00ed lhostejn\u00fd odkaz star\u0161\u00edch generac\u00ed. \u010cleny Kolegia Pam\u011bti\u2026<\/p>\n","protected":false},"author":1,"featured_media":528,"parent":0,"menu_order":0,"comment_status":"closed","ping_status":"closed","template":"","meta":{"footnotes":""},"_links":{"self":[{"href":"https:\/\/kolegium.pametnaroda.cz\/index.php?rest_route=\/wp\/v2\/pages\/57"}],"collection":[{"href":"https:\/\/kolegium.pametnaroda.cz\/index.php?rest_route=\/wp\/v2\/pages"}],"about":[{"href":"https:\/\/kolegium.pametnaroda.cz\/index.php?rest_route=\/wp\/v2\/types\/page"}],"author":[{"embeddable":true,"href":"https:\/\/kolegium.pametnaroda.cz\/index.php?rest_route=\/wp\/v2\/users\/1"}],"replies":[{"embeddable":true,"href":"https:\/\/kolegium.pametnaroda.cz\/index.php?rest_route=%2Fwp%2Fv2%2Fcomments&post=57"}],"version-history":[{"count":3,"href":"https:\/\/kolegium.pametnaroda.cz\/index.php?rest_route=\/wp\/v2\/pages\/57\/revisions"}],"predecessor-version":[{"id":461,"href":"https:\/\/kolegium.pametnaroda.cz\/index.php?rest_route=\/wp\/v2\/pages\/57\/revisions\/461"}],"wp:featuredmedia":[{"embeddable":true,"href":"https:\/\/kolegium.pametnaroda.cz\/index.php?rest_route=\/wp\/v2\/media\/528"}],"wp:attachment":[{"href":"https:\/\/kolegium.pametnaroda.cz\/index.php?rest_route=%2Fwp%2Fv2%2Fmedia&parent=57"}],"curies":[{"name":"wp","href":"https:\/\/api.w.org\/{rel}","templated":true}]}}